{"id":10,"date":"2020-07-10T09:57:04","date_gmt":"2020-07-10T07:57:04","guid":{"rendered":"http:\/\/magazin.jacorprojekt.de\/?page_id=10"},"modified":"2026-01-21T11:50:34","modified_gmt":"2026-01-21T10:50:34","slug":"startseite","status":"publish","type":"page","link":"https:\/\/single-hessen.de\/magazin\/","title":{"rendered":"Startseite"},"content":{"rendered":"<div class=\"wpb-content-wrapper\"><p>[vc_row][vc_column el_class=&#8220;custombloglist&#8220; width=&#8220;2\/3&#8243;][vc_raw_html el_class=&#8220;displaymobile blocktop&#8220;]JTNDaDIlM0VTSU5HTEUlMjBIZXNzZW4lM0MlMkZoMiUzRSUwQSUzQ2ElMjBjbGFzcyUzRCUyMmJ0biUyMGJ0bi1wcmltYXJ5JTIwYnRuLWJsb2NrJTIwYnRuLWFiNjAlMjIlMjBocmVmJTNEJTIyaHR0cHMlM0ElMkYlMkZzaW5nbGUtaGVzc2VuLmRlJTIyJTIwdGFyZ2V0JTNEJTIyX2JsYW5rJTIyJTNFSmV0enQlMjBTaW5nbGVzJTIwZmluZGVuJTNDJTJGYSUzRQ==[\/vc_raw_html]<div class=\"latest-blog vertical clearfix\"><div class=\"latest-blog-list  clearfix wpb_content_element\">\n\t\t\t\t\t\t\t<div class=\"blog-list-item-thumb\"><a href=\"https:\/\/single-hessen.de\/magazin\/partnersuche\/zitate-liebe-die-schoensten-saetze-und-tipps-fuer-echtes-dating-glueck-in-hessen\/\" title=\"Zitate Liebe: Die sch\u00f6nsten S\u00e4tze und Tipps f\u00fcr echtes Dating-Gl\u00fcck in Hessen\"><img decoding=\"async\" src=\"https:\/\/single-hessen.de\/magazin\/wp-content\/uploads\/2026\/04\/Zitate-Liebe.png\" alt=\"Zitate Liebe: Die sch\u00f6nsten S\u00e4tze und Tipps f\u00fcr echtes Dating-Gl\u00fcck in Hessen\" \/><\/a><\/div>\n\t\t\t\t\t\t  \t<div class=\"blog-list-item-description\">\n\t\t\t\t\t\t\t\t<h3><a href=\"https:\/\/single-hessen.de\/magazin\/partnersuche\/zitate-liebe-die-schoensten-saetze-und-tipps-fuer-echtes-dating-glueck-in-hessen\/\" title=\"Zitate Liebe: Die sch\u00f6nsten S\u00e4tze und Tipps f\u00fcr echtes Dating-Gl\u00fcck in Hessen\">Zitate Liebe: Die sch\u00f6nsten S\u00e4tze und Tipps f\u00fcr echtes Dating-Gl\u00fcck in Hessen<\/a><\/h3>\n\t\t\t\t\t\t\t  \t<div class=\"blog-list-item-excerpt\">Stell dir vor, du sitzt abends in einem Caf\u00e9 in Wiesbaden, schaust auf dein Handy und scrollst durch Profile. Viele wirken austauschbar \u2013 bis pl\u00f6tzlich.. <a href=\"https:\/\/single-hessen.de\/magazin\/partnersuche\/zitate-liebe-die-schoensten-saetze-und-tipps-fuer-echtes-dating-glueck-in-hessen\/\">Weiterlesen<\/a><\/div>\n\t\t\t\t\t\t\t<\/div>\n\t\t\t\t\t  \t<\/div><div class=\"latest-blog-list  clearfix wpb_content_element\">\n\t\t\t\t\t\t\t<div class=\"blog-list-item-thumb\"><a href=\"https:\/\/single-hessen.de\/magazin\/partnersuche\/shameless-dating-warum-selbs\/\" title=\"Shameless Dating: Warum selbstbewusstes Flirten der Schl\u00fcssel zur Liebe sein kann\"><img decoding=\"async\" src=\"https:\/\/single-hessen.de\/magazin\/wp-content\/uploads\/2026\/03\/1773064463073-image_generation-google.png\" alt=\"Shameless Dating: Warum selbstbewusstes Flirten der Schl\u00fcssel zur Liebe sein kann\" \/><\/a><\/div>\n\t\t\t\t\t\t  \t<div class=\"blog-list-item-description\">\n\t\t\t\t\t\t\t\t<h3><a href=\"https:\/\/single-hessen.de\/magazin\/partnersuche\/shameless-dating-warum-selbs\/\" title=\"Shameless Dating: Warum selbstbewusstes Flirten der Schl\u00fcssel zur Liebe sein kann\">Shameless Dating: Warum selbstbewusstes Flirten der Schl\u00fcssel zur Liebe sein kann<\/a><\/h3>\n\t\t\t\t\t\t\t  \t<div class=\"blog-list-item-excerpt\">Scham geh\u00f6rt f\u00fcr viele Singles zum Alltag der Partnersuche. Was w\u00e4re, wenn genau diese Scham das gr\u00f6\u00dfte Hindernis auf dem Weg zur Liebe ist?\u00a0Der Trend.. <a href=\"https:\/\/single-hessen.de\/magazin\/partnersuche\/shameless-dating-warum-selbs\/\">Weiterlesen<\/a><\/div>\n\t\t\t\t\t\t\t<\/div>\n\t\t\t\t\t  \t<\/div><div class=\"latest-blog-list  clearfix wpb_content_element\">\n\t\t\t\t\t\t\t<div class=\"blog-list-item-thumb\"><a href=\"https:\/\/single-hessen.de\/magazin\/liebe\/selbsttest-habe-ich-die-wahre-liebe-schon-gefunden\/\" title=\"Selbsttest: Habe ich die wahre Liebe schon gefunden?\"><img decoding=\"async\" src=\"https:\/\/single-hessen.de\/magazin\/wp-content\/uploads\/2026\/03\/pexels-snow-white-304718-1441929-1.jpg\" alt=\"Selbsttest: Habe ich die wahre Liebe schon gefunden?\" \/><\/a><\/div>\n\t\t\t\t\t\t  \t<div class=\"blog-list-item-description\">\n\t\t\t\t\t\t\t\t<h3><a href=\"https:\/\/single-hessen.de\/magazin\/liebe\/selbsttest-habe-ich-die-wahre-liebe-schon-gefunden\/\" title=\"Selbsttest: Habe ich die wahre Liebe schon gefunden?\">Selbsttest: Habe ich die wahre Liebe schon gefunden?<\/a><\/h3>\n\t\t\t\t\t\t\t  \t<div class=\"blog-list-item-excerpt\">Die Suche nach der wahren Liebe besch\u00e4ftigt viele Menschen \u2013 besonders, wenn man schon einige Erfahrungen beim Online-Dating gesammelt hat oder nach einer l\u00e4ngeren Beziehung.. <a href=\"https:\/\/single-hessen.de\/magazin\/liebe\/selbsttest-habe-ich-die-wahre-liebe-schon-gefunden\/\">Weiterlesen<\/a><\/div>\n\t\t\t\t\t\t\t<\/div>\n\t\t\t\t\t  \t<\/div><div class=\"latest-blog-list  clearfix wpb_content_element\">\n\t\t\t\t\t\t\t<div class=\"blog-list-item-thumb\"><a href=\"https:\/\/single-hessen.de\/magazin\/partnersuche\/single-partys-neue-wege-zur\/\" title=\"Single Partys: Neue Wege zur Partnersuche in Hessen\"><img decoding=\"async\" src=\"https:\/\/single-hessen.de\/magazin\/wp-content\/uploads\/2026\/02\/Steckbrief-neue-01.07.2024-57.png\" alt=\"Single Partys: Neue Wege zur Partnersuche in Hessen\" \/><\/a><\/div>\n\t\t\t\t\t\t  \t<div class=\"blog-list-item-description\">\n\t\t\t\t\t\t\t\t<h3><a href=\"https:\/\/single-hessen.de\/magazin\/partnersuche\/single-partys-neue-wege-zur\/\" title=\"Single Partys: Neue Wege zur Partnersuche in Hessen\">Single Partys: Neue Wege zur Partnersuche in Hessen<\/a><\/h3>\n\t\t\t\t\t\t\t  \t<div class=\"blog-list-item-excerpt\">Die Suche nach einem festen Lebenspartner bleibt eine der wichtigsten, aber auch herausforderndsten Lebensaufgaben. Besonders Singles zwischen 35 und 60 Jahren legen Wert auf Sicherheit.. <a href=\"https:\/\/single-hessen.de\/magazin\/partnersuche\/single-partys-neue-wege-zur\/\">Weiterlesen<\/a><\/div>\n\t\t\t\t\t\t\t<\/div>\n\t\t\t\t\t  \t<\/div><div class=\"latest-blog-list  clearfix wpb_content_element\">\n\t\t\t\t\t\t\t<div class=\"blog-list-item-thumb\"><a href=\"https:\/\/single-hessen.de\/magazin\/beziehung\/10-punkte-perfekte-beziehung\/\" title=\"10 Punkte : So gelingt die perfekte Beziehung\"><img decoding=\"async\" src=\"https:\/\/single-hessen.de\/magazin\/wp-content\/uploads\/2026\/01\/pexels-lilen-diaz-1025474869-283.jpg\" alt=\"10 Punkte : So gelingt die perfekte Beziehung\" \/><\/a><\/div>\n\t\t\t\t\t\t  \t<div class=\"blog-list-item-description\">\n\t\t\t\t\t\t\t\t<h3><a href=\"https:\/\/single-hessen.de\/magazin\/beziehung\/10-punkte-perfekte-beziehung\/\" title=\"10 Punkte : So gelingt die perfekte Beziehung\">10 Punkte : So gelingt die perfekte Beziehung<\/a><\/h3>\n\t\t\t\t\t\t\t  \t<div class=\"blog-list-item-excerpt\">Viele Menschen suchen die perfekte Beziehung \u2013 egal, ob sie gerade auf Partnersuche sind oder schon lange in einer Partnerschaft leben. Immer wieder taucht die.. <a href=\"https:\/\/single-hessen.de\/magazin\/beziehung\/10-punkte-perfekte-beziehung\/\">Weiterlesen<\/a><\/div>\n\t\t\t\t\t\t\t<\/div>\n\t\t\t\t\t  \t<\/div><div class=\"latest-blog-list  clearfix wpb_content_element\">\n\t\t\t\t\t\t\t<div class=\"blog-list-item-thumb\"><a href=\"https:\/\/single-hessen.de\/magazin\/beziehung\/double-date-wie-gemeinsame\/\" title=\"Double Date \u2013 Wie gemeinsames Dating den Weg zum Lebenspartner erleichtert\"><img decoding=\"async\" src=\"https:\/\/single-hessen.de\/magazin\/wp-content\/uploads\/2026\/01\/Steckbrief-neue-01.07.2024-50.png\" alt=\"Double Date \u2013 Wie gemeinsames Dating den Weg zum Lebenspartner erleichtert\" \/><\/a><\/div>\n\t\t\t\t\t\t  \t<div class=\"blog-list-item-description\">\n\t\t\t\t\t\t\t\t<h3><a href=\"https:\/\/single-hessen.de\/magazin\/beziehung\/double-date-wie-gemeinsame\/\" title=\"Double Date \u2013 Wie gemeinsames Dating den Weg zum Lebenspartner erleichtert\">Double Date \u2013 Wie gemeinsames Dating den Weg zum Lebenspartner erleichtert<\/a><\/h3>\n\t\t\t\t\t\t\t  \t<div class=\"blog-list-item-excerpt\">Die Suche nach einem festen Lebenspartner ist eine der wichtigsten Entscheidungen im Leben. Besonders f\u00fcr Singles im Alter zwischen 35 und 60 Jahren stehen dabei.. <a href=\"https:\/\/single-hessen.de\/magazin\/beziehung\/double-date-wie-gemeinsame\/\">Weiterlesen<\/a><\/div>\n\t\t\t\t\t\t\t<\/div>\n\t\t\t\t\t  \t<\/div><\/div>[\/vc_column][vc_column width=&#8220;1\/3&#8243;][vc_widget_sidebar sidebar_id=&#8220;blog-widgets&#8220;][\/vc_column][\/vc_row]<\/p>\n<\/div>","protected":false},"excerpt":{"rendered":"<p>[vc_row][vc_column el_class=&#8220;custombloglist&#8220; width=&#8220;2\/3&#8243;][vc_raw_html el_class=&#8220;displaymobile blocktop&#8220;]JTNDaDIlM0VTSU5HTEUlMjBIZXNzZW4lM0MlMkZoMiUzRSUwQSUzQ2ElMjBjbGFzcyUzRCUyMmJ0biUyMGJ0bi1wcmltYXJ5JTIwYnRuLWJsb2NrJTIwYnRuLWFiNjAlMjIlMjBocmVmJTNEJTIyaHR0cHMlM0ElMkYlMkZzaW5nbGUtaGVzc2VuLmRlJTIyJTIwdGFyZ2V0JTNEJTIyX2JsYW5rJTIyJTNFSmV0enQlMjBTaW5nbGVzJTIwZmluZGVuJTNDJTJGYSUzRQ==[\/vc_raw_html][\/vc_column][vc_column width=&#8220;1\/3&#8243;][vc_widget_sidebar sidebar_id=&#8220;blog-widgets&#8220;][\/vc_column][\/vc_row]<\/p>\n","protected":false},"author":1,"featured_media":0,"parent":0,"menu_order":0,"comment_status":"closed","ping_status":"closed","template":"","meta":{"footnotes":""},"class_list":["post-10","page","type-page","status-publish","hentry"],"_links":{"self":[{"href":"https:\/\/single-hessen.de\/magazin\/wp-json\/wp\/v2\/pages\/10","targetHints":{"allow":["GET"]}}],"collection":[{"href":"https:\/\/single-hessen.de\/magazin\/wp-json\/wp\/v2\/pages"}],"about":[{"href":"https:\/\/single-hessen.de\/magazin\/wp-json\/wp\/v2\/types\/page"}],"author":[{"embeddable":true,"href":"https:\/\/single-hessen.de\/magazin\/wp-json\/wp\/v2\/users\/1"}],"replies":[{"embeddable":true,"href":"https:\/\/single-hessen.de\/magazin\/wp-json\/wp\/v2\/comments?post=10"}],"version-history":[{"count":11,"href":"https:\/\/single-hessen.de\/magazin\/wp-json\/wp\/v2\/pages\/10\/revisions"}],"predecessor-version":[{"id":1967,"href":"https:\/\/single-hessen.de\/magazin\/wp-json\/wp\/v2\/pages\/10\/revisions\/1967"}],"wp:attachment":[{"href":"https:\/\/single-hessen.de\/magazin\/wp-json\/wp\/v2\/media?parent=10"}],"curies":[{"name":"wp","href":"https:\/\/api.w.org\/{rel}","templated":true}]}}